{"id":12,"date":"2025-04-13T14:23:56","date_gmt":"2025-04-13T14:23:56","guid":{"rendered":"https:\/\/\/services\/"},"modified":"2025-05-27T22:33:30","modified_gmt":"2025-05-28T04:33:30","slug":"services","status":"publish","type":"page","link":"https:\/\/montpergroup.com\/es_mx\/services\/","title":{"rendered":"Servicios"},"content":{"rendered":"\n<div class=\"wp-block-uagb-container uagb-block-84b1a4f4 alignfull uagb-is-root-container\"><div class=\"uagb-container-inner-blocks-wrap\">\n<div class=\"wp-block-uagb-info-box uagb-block-6157101b uagb-infobox__content-wrap  uagb-infobox-icon-above-title uagb-infobox-image-valign-top\"><div class=\"uagb-ifb-content\"><div class=\"uagb-ifb-title-wrap\"><h1 class=\"uagb-ifb-title\">Servicios<\/h1><\/div><div class=\"uagb-ifb-separator\"><\/div><\/div><\/div>\n<\/div><\/div>\n\n\n\n<div class=\"wp-block-uagb-container uagb-block-b20a818d alignfull uagb-is-root-container\"><div class=\"uagb-container-inner-blocks-wrap\">\n<div class=\"wp-block-uagb-container uagb-block-7156e47a\">\n<div class=\"wp-block-uagb-container uagb-block-fa28c922\">\n<div class=\"wp-block-uagb-info-box uagb-block-3de66ac0 uagb-infobox__content-wrap  uagb-infobox-icon-above-title uagb-infobox-image-valign-top\" id=\"communication\"><div class=\"uagb-ifb-content\"><div class=\"uagb-ifb-title-wrap\"><h6 class=\"uagb-ifb-title-prefix\">01<\/h6><h3 class=\"uagb-ifb-title\">Certificaci\u00f3n de Productos en Telecomunicaciones y Radiofrecuencia<\/h3><\/div><p class=\"uagb-ifb-desc\"><br><strong>NOM-208-SCFI e IFT-008<\/strong><br>Incluye todos los productos de espectro disperso que funcionan en las bandas de frecuencia 902 MHZ &#8211; 928 MHZ, 2400 MHZ &#8211; 2483.5 MHZ Y 5725 MHZ -5850 MHZ.<br><br><strong>NOM-196-SCFI e IFT-004<\/strong><br>Productos. Equipos terminales que se conecten o interconecten a trav\u00e9s de un acceso al\u00e1mbrico a una red p\u00fablica de telecomunicaciones.<br><br><strong>NOM-218-SCFI e IFT-005<\/strong><br>Aplica a equipo de telecomunicaciones con interfaz digital a redes p\u00fablicas (Interfaz digital a 2 048 KBIT\/S y a 34 368 KBIT\/S).<br><br><strong>NOM-221-SCFI-parte 1<\/strong><br>Registro de IMEI para productos terminales m\u00f3viles.<br><br><strong>NOM-221-SCFI-parte 2<\/strong><br>Aplica a productos terminales m\u00f3viles que funcionan en bandas celulares.<br><br><strong>IFT-012<\/strong><br>Disposici\u00f3n T\u00e9cnica SAR.<br><\/p><\/div><\/div>\n<\/div>\n\n\n\n<div class=\"wp-block-uagb-container uagb-block-3c5e78e2\"><\/div>\n<\/div>\n\n\n\n<div class=\"wp-block-uagb-separator uagb-block-defc3ddc\"><div class=\"wp-block-uagb-separator__inner\" style=\"--my-background-image:\"><\/div><\/div>\n\n\n\n<div class=\"wp-block-uagb-container uagb-block-f92f8bfa\">\n<div class=\"wp-block-uagb-container uagb-block-929f026e\">\n<div class=\"wp-block-uagb-info-box uagb-block-4e7d3dd4 uagb-infobox__content-wrap  uagb-infobox-icon-above-title uagb-infobox-image-valign-top\" id=\"communication\"><div class=\"uagb-ifb-content\"><div class=\"uagb-ifb-title-wrap\"><h6 class=\"uagb-ifb-title-prefix\">02<\/h6><h3 class=\"uagb-ifb-title\">Certificaci\u00f3n de Productos Electr\u00f3nicos, El\u00e9ctricos y de Procesamiento de Datos<\/h3><\/div><p class=\"uagb-ifb-desc\"><strong>NOM-001-SCFI<\/strong><br>Aplica a <strong>productos electr\u00f3nicos <\/strong>alimentados por diferentes fuentes de energ\u00eda el\u00e9ctrica: Radios, pantallas de televisi\u00f3n, amplificadores de sonido, control remoto, bocinas, c\u00e1maras, pantallas, juguetes electr\u00f3nicos, adaptadores de CA, decodificadores, proyectores, etc.<br><br><strong>NOM-003<strong>-SCFI<\/strong><\/strong><br>Aplica a <strong>productos el\u00e9ctricos <\/strong>alimentados por diferentes fuentes de energ\u00eda el\u00e9ctrica.<br><br><strong>NOM-019-SCFI<\/strong><br>Aplica a <strong>equipos de procesamiento de datos <\/strong>o productos de TI relacionados: <em>data-plug<\/em>, computadora port\u00e1til, conmutador, enrutador, concentrador, dispositivos inform\u00e1tico que se conecte a la electricidad, etc.<br><\/p><\/div><\/div>\n<\/div>\n\n\n\n<div class=\"wp-block-uagb-container uagb-block-6f3011cd\"><\/div>\n<\/div>\n\n\n\n<div class=\"wp-block-uagb-separator uagb-block-15f33f46\"><div class=\"wp-block-uagb-separator__inner\" style=\"--my-background-image:\"><\/div><\/div>\n\n\n\n<div class=\"wp-block-uagb-container uagb-block-b6a21944\">\n<div class=\"wp-block-uagb-container uagb-block-55278b74\">\n<div class=\"wp-block-uagb-info-box uagb-block-23d60171 uagb-infobox__content-wrap  uagb-infobox-icon-above-title uagb-infobox-image-valign-top\" id=\"tires\"><div class=\"uagb-ifb-content\"><div class=\"uagb-ifb-title-wrap\"><h6 class=\"uagb-ifb-title-prefix\">03<\/h6><h3 class=\"uagb-ifb-title\">Certificaci\u00f3n de Neum\u00e1ticos y V\u00e1lvulas<\/h3><\/div><p class=\"uagb-ifb-desc\"><strong>NOM-086-SCFI<br><\/strong>Aplica a Neum\u00e1ticos de construcci\u00f3n radial nuevos que se utilizan para cualquier veh\u00edculo con un peso bruto vehicular igual o inferior a 10,000 lb (4,536 kg).<br><br><strong>NOM-086-1-SCFI<\/strong><br>Aplica a Neum\u00e1ticos de construcci\u00f3n radial nuevos para&nbsp;veh\u00edculos de peso bruto vehicular superior a 4,536 kg y llantas de construcci\u00f3n diagonal de cualquier capacidad de&nbsp;carga.<br><br><strong>NOM-134-SCFI<\/strong><br>Aplica a V\u00e1lvulas para c\u00e1mara y v\u00e1lvulas para rines utilizados para llantas tipo sin c\u00e1mara.<br><\/p><\/div><\/div>\n<\/div>\n\n\n\n<div class=\"wp-block-uagb-container uagb-block-9c86cbb4\"><\/div>\n<\/div>\n\n\n\n<div class=\"wp-block-uagb-separator uagb-block-57b0bc74\"><div class=\"wp-block-uagb-separator__inner\" style=\"--my-background-image:\"><\/div><\/div>\n\n\n\n<div class=\"wp-block-uagb-container uagb-block-80aa59e6\">\n<div class=\"wp-block-uagb-container uagb-block-ef908404\">\n<div class=\"wp-block-uagb-info-box uagb-block-6eb66484 uagb-infobox__content-wrap  uagb-infobox-icon-above-title uagb-infobox-image-valign-top\" id=\"tires\"><div class=\"uagb-ifb-content\"><div class=\"uagb-ifb-title-wrap\"><h6 class=\"uagb-ifb-title-prefix\">04<\/h6><h3 class=\"uagb-ifb-title\">Certificaci\u00f3n l\u00edquido de frenos y aceites de motor<\/h3><\/div><p class=\"uagb-ifb-desc\"><strong>NOM-113-SCFI<\/strong><br>Aplica a L\u00ed\u00adquido para frenos hidr\u00e1ulicos empleado en veh\u00ed\u00adculos automotores.<br><br><strong>NOM-116-SCFI<\/strong><br>Aplica a Aceites lubricantes para motores a gasolina y di\u00e9sel.<\/p><\/div><\/div>\n<\/div>\n\n\n\n<div class=\"wp-block-uagb-container uagb-block-ea698731\"><\/div>\n<\/div>\n\n\n\n<div class=\"wp-block-uagb-separator uagb-block-cab1c76f\"><div class=\"wp-block-uagb-separator__inner\" style=\"--my-background-image:\"><\/div><\/div>\n\n\n\n<div class=\"wp-block-uagb-container uagb-block-5941e070\">\n<div class=\"wp-block-uagb-container uagb-block-d8e3186e\">\n<div class=\"wp-block-uagb-info-box uagb-block-391afcf2 uagb-infobox__content-wrap  uagb-infobox-icon-above-title uagb-infobox-image-valign-top\" id=\"seatbelts\"><div class=\"uagb-ifb-content\"><div class=\"uagb-ifb-title-wrap\"><h6 class=\"uagb-ifb-title-prefix\">05<\/h6><h3 class=\"uagb-ifb-title\">Certificaci\u00f3n Cinturones de Seguridad<\/h3><\/div><p class=\"uagb-ifb-desc\"><strong>NOM-119-SCFI<\/strong><br>Aplica cinturones de seguridad de uso automotriz, dise\u00f1ados para ser usados individualmente por ocupantes de veh\u00edculos automotores<\/p><\/div><\/div>\n<\/div>\n\n\n\n<div class=\"wp-block-uagb-container uagb-block-39584a39\"><\/div>\n<\/div>\n\n\n\n<div class=\"wp-block-uagb-separator uagb-block-943d98fa\"><div class=\"wp-block-uagb-separator__inner\" style=\"--my-background-image:\"><\/div><\/div>\n\n\n\n<div class=\"wp-block-uagb-info-box uagb-block-e89b5551 uagb-infobox__content-wrap  uagb-infobox-icon-above-title uagb-infobox-image-valign-top\"><div class=\"uagb-ifb-content\"><div class=\"uagb-ifb-icon-wrap\"><svg xmlns=\"https:\/\/www.w3.org\/2000\/svg\" viewBox=\"0 0 448 512\"><path d=\"M448 336v-288C448 21.49 426.5 0 400 0H96C42.98 0 0 42.98 0 96v320c0 53.02 42.98 96 96 96h320c17.67 0 32-14.33 32-31.1c0-11.72-6.607-21.52-16-27.1v-81.36C441.8 362.8 448 350.2 448 336zM143.1 128h192C344.8 128 352 135.2 352 144C352 152.8 344.8 160 336 160H143.1C135.2 160 128 152.8 128 144C128 135.2 135.2 128 143.1 128zM143.1 192h192C344.8 192 352 199.2 352 208C352 216.8 344.8 224 336 224H143.1C135.2 224 128 216.8 128 208C128 199.2 135.2 192 143.1 192zM384 448H96c-17.67 0-32-14.33-32-32c0-17.67 14.33-32 32-32h288V448z\"><\/path><\/svg><\/div><div class=\"uagb-ifb-title-wrap\"><h3 class=\"uagb-ifb-title\">Traducciones<\/h3><\/div><p class=\"uagb-ifb-desc\">Para el proceso de certificaci\u00f3n, es obligatorio presentar toda la informaci\u00f3n en espa\u00f1ol. En Montper Group podemos traducir al espa\u00f1ol la informaci\u00f3n que requiera.<\/p><\/div><\/div>\n<\/div><\/div>\n\n\n\n<div class=\"wp-block-uagb-container uagb-block-71e3763c alignfull uagb-is-root-container\"><div class=\"uagb-container-inner-blocks-wrap\">\n<div class=\"wp-block-uagb-container uagb-block-3213ed01\">\n<div class=\"wp-block-uagb-info-box uagb-block-73536f7a uagb-infobox__content-wrap  uagb-infobox-icon-above-title uagb-infobox-image-valign-top\"><div class=\"uagb-ifb-content\"><div class=\"uagb-ifb-title-wrap\"><h2 class=\"uagb-ifb-title-prefix\">\u00bfEst\u00e1s listo?<\/h2><div class=\"uagb-ifb-separator\"><\/div><h6 class=\"uagb-ifb-title\">Cont\u00e1ctanos y recibe atenci\u00f3n personalizada a las necesidades de tu negocio.<\/h6><\/div><\/div><\/div>\n\n\n\n<div class=\"wp-block-uagb-buttons uagb-buttons__outer-wrap uagb-btn__default-btn uagb-btn-tablet__default-btn uagb-btn-mobile__default-btn uagb-block-cc76ba55\"><div class=\"uagb-buttons__wrap uagb-buttons-layout-wrap \">\n<div class=\"wp-block-uagb-buttons-child uagb-buttons__outer-wrap uagb-block-2009a242 wp-block-button\"><div class=\"uagb-button__wrapper\"><a class=\"uagb-buttons-repeater wp-block-button__link\" aria-label=\"\" href=\"\/contact\" rel=\"follow noopener\" target=\"_self\" role=\"button\"><div class=\"uagb-button__link\">Comenzar<\/div><span class=\"uagb-button__icon uagb-button__icon-position-after\"><svg xmlns=\"https:\/\/www.w3.org\/2000\/svg\" viewBox=\"0 0 256 512\" aria-hidden=\"true\" focussable=\"false\"><path d=\"M64 448c-8.188 0-16.38-3.125-22.62-9.375c-12.5-12.5-12.5-32.75 0-45.25L178.8 256L41.38 118.6c-12.5-12.5-12.5-32.75 0-45.25s32.75-12.5 45.25 0l160 160c12.5 12.5 12.5 32.75 0 45.25l-160 160C80.38 444.9 72.19 448 64 448z\"><\/path><\/svg><\/span><\/a><\/div><\/div>\n<\/div><\/div>\n<\/div>\n\n\n\n<div class=\"wp-block-uagb-container uagb-block-538a47c5\"><\/div>\n<\/div><\/div>\n","protected":false},"excerpt":{"rendered":"","protected":false},"author":1,"featured_media":0,"parent":0,"menu_order":0,"comment_status":"closed","ping_status":"closed","template":"","meta":{"om_disable_all_campaigns":false,"_uag_custom_page_level_css":"","_monsterinsights_skip_tracking":false,"_monsterinsights_sitenote_active":false,"_monsterinsights_sitenote_note":"","_monsterinsights_sitenote_category":0,"site-sidebar-layout":"default","site-content-layout":"","ast-site-content-layout":"","site-content-style":"default","site-sidebar-style":"default","ast-global-header-display":"","ast-banner-title-visibility":"","ast-main-header-display":"","ast-hfb-above-header-display":"","ast-hfb-below-header-display":"","ast-hfb-mobile-header-display":"","site-post-title":"disabled","ast-breadcrumbs-content":"","ast-featured-img":"","footer-sml-layout":"","theme-transparent-header-meta":"enabled","adv-header-id-meta":"","stick-header-meta":"","header-above-stick-meta":"","header-main-stick-meta":"","header-below-stick-meta":"","astra-migrate-meta-layouts":"default","ast-page-background-enabled":"default","ast-page-background-meta":{"desktop":{"background-color":"var(--ast-global-color-4)","background-image":"","background-repeat":"repeat","background-position":"center center","background-size":"auto","background-attachment":"scroll","background-type":"","background-media":"","overlay-type":"","overlay-color":"","overlay-opacity":"","overlay-gradient":""},"tablet":{"background-color":"","background-image":"","background-repeat":"repeat","background-position":"center center","background-size":"auto","background-attachment":"scroll","background-type":"","background-media":"","overlay-type":"","overlay-color":"","overlay-opacity":"","overlay-gradient":""},"mobile":{"background-color":"","background-image":"","background-repeat":"repeat","background-position":"center center","background-size":"auto","background-attachment":"scroll","background-type":"","background-media":"","overlay-type":"","overlay-color":"","overlay-opacity":"","overlay-gradient":""}},"ast-content-background-meta":{"desktop":{"background-color":"var(--ast-global-color-5)","background-image":"","background-repeat":"repeat","background-position":"center center","background-size":"auto","background-attachment":"scroll","background-type":"","background-media":"","overlay-type":"","overlay-color":"","overlay-opacity":"","overlay-gradient":""},"tablet":{"background-color":"var(--ast-global-color-5)","background-image":"","background-repeat":"repeat","background-position":"center center","background-size":"auto","background-attachment":"scroll","background-type":"","background-media":"","overlay-type":"","overlay-color":"","overlay-opacity":"","overlay-gradient":""},"mobile":{"background-color":"var(--ast-global-color-5)","background-image":"","background-repeat":"repeat","background-position":"center center","background-size":"auto","background-attachment":"scroll","background-type":"","background-media":"","overlay-type":"","overlay-color":"","overlay-opacity":"","overlay-gradient":""}},"_joinchat":[],"footnotes":""},"class_list":["post-12","page","type-page","status-publish","hentry"],"aioseo_notices":[],"uagb_featured_image_src":{"full":false,"thumbnail":false,"medium":false,"medium_large":false,"large":false,"1536x1536":false,"2048x2048":false,"trp-custom-language-flag":false},"uagb_author_info":{"display_name":"jerry-mont@hotmail.com","author_link":"https:\/\/montpergroup.com\/es_mx\/author\/jerry-monthotmail-com\/"},"uagb_comment_info":0,"uagb_excerpt":null,"_links":{"self":[{"href":"https:\/\/montpergroup.com\/es_mx\/wp-json\/wp\/v2\/pages\/12","targetHints":{"allow":["GET"]}}],"collection":[{"href":"https:\/\/montpergroup.com\/es_mx\/wp-json\/wp\/v2\/pages"}],"about":[{"href":"https:\/\/montpergroup.com\/es_mx\/wp-json\/wp\/v2\/types\/page"}],"author":[{"embeddable":true,"href":"https:\/\/montpergroup.com\/es_mx\/wp-json\/wp\/v2\/users\/1"}],"replies":[{"embeddable":true,"href":"https:\/\/montpergroup.com\/es_mx\/wp-json\/wp\/v2\/comments?post=12"}],"version-history":[{"count":16,"href":"https:\/\/montpergroup.com\/es_mx\/wp-json\/wp\/v2\/pages\/12\/revisions"}],"predecessor-version":[{"id":754,"href":"https:\/\/montpergroup.com\/es_mx\/wp-json\/wp\/v2\/pages\/12\/revisions\/754"}],"wp:attachment":[{"href":"https:\/\/montpergroup.com\/es_mx\/wp-json\/wp\/v2\/media?parent=12"}],"curies":[{"name":"wp","href":"https:\/\/api.w.org\/{rel}","templated":true}]}}